{"id":1616,"date":"2024-05-17T12:20:27","date_gmt":"2024-05-17T10:20:27","guid":{"rendered":"https:\/\/fundacioenricmiralles.com\/?page_id=1616"},"modified":"2024-05-17T12:20:38","modified_gmt":"2024-05-17T10:20:38","slug":"condicions-de-contractacio","status":"publish","type":"page","link":"https:\/\/fundacioenricmiralles.com\/ca\/condicions-de-contractacio\/","title":{"rendered":"CONDICIONS DE CONTRACTACI\u00d3"},"content":{"rendered":"\n<h2 class=\"wp-block-heading\"><strong>OBJECTE I \u00c0MBIT D&#8217;APLICACI\u00d3<\/strong><\/h2>\n\n<p>Les presents Condicions Generals de Contractaci\u00f3 tenen com a objecte regular la relaci\u00f3 entre Fundaci\u00f3 Enric Miralles (d&#8217;ara endavant LA FUNDACI\u00d3), i Ud. (d&#8217;ara endavant &#8220;el Client&#8221;), relatives a totes les transaccions realitzades a trav\u00e9s de la p\u00e0gina web \u201cwwwfundacioenricmiralles. com\u201d (d&#8217;ara endavant la Web), domini del qual \u00e9s titular la Fundaci\u00f3 Enric Miralles.<\/p>\n\n<p>Per a qualsevol consulta, podeu posar-vos en contacte amb nosaltres a la seg\u00fcent adre\u00e7a d&#8217;e-mail: <strong>info@fundacioenricmiralles.com<\/strong><\/p>\n\n<p>La contractaci\u00f3 on-line dels productes i\/o serveis oferts per LA FUNDACI\u00d3 a trav\u00e9s del Web estar\u00e0 subjecta al que disposen les presents Condicions Generals de Contractaci\u00f3.<\/p>\n\n<h2 class=\"wp-block-heading\"><strong>ACCEPTACI\u00d3 I PROVA D&#8217;ACCEPTACI\u00d3<\/strong><\/h2>\n\n<p>L&#8217;adquisici\u00f3 dels productes i\/o serveis s&#8217;ha de fer mitjan\u00e7ant l&#8217;activaci\u00f3 dels botons PAGAR o COMPRAR que apareixen a peu de p\u00e0gina de les sol\u00b7licituds de compra, i expressen l&#8217;acceptaci\u00f3 total de totes i cadascuna de les Condicions de Contractaci\u00f3, tal com es mostren a la Web de la FUNDACI\u00d3 en el moment de l&#8217;adquisici\u00f3.<\/p>\n\n<p>La FUNDACI\u00d3 remetr\u00e0 al Client, una vegada acceptades de forma expressa aquestes Condicions de Contractaci\u00f3, justificaci\u00f3 de la contractaci\u00f3 efectuada, amb tots els seus termes, a trav\u00e9s de correu electr\u00f2nic abans que es compleixin 24 hores de la compra.<\/p>\n\n<p>La FUNDACI\u00d3 informa que per motius legals arxiva els documents electr\u00f2nics en qu\u00e8 queden formalitzades les compres, podent accedir a aquests documents en qualsevol moment, sol\u00b7licitant-ho al nostre Servei d&#8217;Atenci\u00f3 al Client amb l&#8217;adre\u00e7a de correu electr\u00f2nic: <strong>info@fundacioenricmiralles.com<\/strong><\/p>\n\n<h2 class=\"wp-block-heading\"><strong>PREUS, PAGAMENT, LLIURAMENT I DESISTIMENT<\/strong><\/h2>\n\n<h3 class=\"wp-block-heading\"><strong>Preus<\/strong><\/h3>\n\n<p>Els preus aplicables a cada producte i\/o servei s\u00f3n els indicats a la Web a la data de la comanda incloent tots ells, si escau, l&#8217;IVA (Impost sobre el Valor Afegit).<\/p>\n\n<p>No obstant aix\u00f2, atenent el que estableix la Llei 37\/1992, de 28 de desembre, reguladora del dit impost, l&#8217;operaci\u00f3 pot resultar exempta o no subjecta a aquest en funci\u00f3 del pa\u00eds de resid\u00e8ncia del comprador i de la condici\u00f3 en qu\u00e8 actua el mateix (empresari\/professional o particular). En conseq\u00fc\u00e8ncia, en alguns sup\u00f2sits el preu final de la comanda es pot veure alterat respecte al que figura exposat a la web.<\/p>\n\n<p>En els enviaments realitzats a pa\u00efsos no pertanyents a la Uni\u00f3 Europea, la FUNDACI\u00d3 no assumir\u00e0 les despeses corresponents a impostos i aranzels duaners propis de cada pa\u00eds.<\/p>\n\n<p>La FUNDACI\u00d3 marcar\u00e0 i identificar\u00e0 degudament com a tal les ofertes <s>,<\/s> indicant convenientment el preu anterior i el preu de l&#8217;oferta. Al mateix temps, la FUNDACI\u00d3 es reserva el Dret d&#8217;efectuar a la Web, en qualsevol moment i sense av\u00eds previ, les modificacions que consideri oportunes, podent, per exemple, actualitzar productes i serveis.<\/p>\n\n<p>La FUNDACI\u00d3 no assumir\u00e0 les despeses i l&#8217;IVA corresponents a l&#8217;enviament de la comanda (IVA incl\u00f2s) que apareixen indicades a la Web<\/p>\n\n<h3 class=\"wp-block-heading\"><strong>Forma de pagament<\/strong><\/h3>\n\n<p>Les compres es pagaran a trav\u00e9s dels seg\u00fcents mitjans detallats a continuaci\u00f3:<\/p>\n\n<p>Targeta (Visa, Master Card o American Express): Disponible per a tots els pa\u00efsos.<\/p>\n\n<p>Transfer\u00e8ncia banc\u00e0ria: Disponible per a tots els pa\u00efsos. La FUNDACI\u00d3 enviar\u00e0 al Client un correu electr\u00f2nic per indicar-vos l&#8217;import de la transfer\u00e8ncia i les dades per poder realitzar-la.<\/p>\n\n<h3 class=\"wp-block-heading\"><strong>Lliurament<\/strong><\/h3>\n\n<p>Les comandes s&#8217;envien a l&#8217;adre\u00e7a de lliurament que el Client indica, en un termini aproximat de 7 dies laborables per a lliuraments a la Pen\u00ednsula Ib\u00e8rica, i de 15 dies laborables per a lliuraments a l&#8217;estranger de productes en estoc. En cas de no disposar d&#8217;estoc la FUNDACI\u00d3 comunicar\u00e0 degudament al Client aquest extrem el m\u00e9s aviat possible.<\/p>\n\n<h3 class=\"wp-block-heading\"><strong>Desistiment<\/strong><\/h3>\n\n<p>El Client disposar\u00e0 dun termini de 14 dies naturals des de la recepci\u00f3 del b\u00e9 o des de la celebraci\u00f3 del contracte, en el cas de serveis o de subministrament de contingut digital que no es presti en un suport material, per resoldre el contracte.<\/p>\n\n<p>La FUNDACI\u00d3 garanteix al Client la possibilitat d&#8217;anul\u00b7lar la seva comanda en qualsevol moment i sense cap cost sempre que l&#8217;anul\u00b7laci\u00f3 es comuniqui abans que la comanda hagi estat posada a disposici\u00f3 del transportista per enviar-la. En cas contrari, haur\u00e0 d&#8217;esperar a rebre la comanda per exercir el dret de desistiment, assumint les corresponents despeses de reenviament.  <\/p>\n\n<p>El dret de desistiment no \u00e9s procedent en els casos i la resta de les excepcions previstes a l&#8217;article 103 de la Llei 3\/2014, de 27 de mar\u00e7, per la qual es modifica el text ref\u00f3s de la Llei General per a la Defensa dels Consumidors i Usuaris i altres lleis complement\u00e0ries.<\/p>\n\n<p>Per exercir el dret de desistiment, el Client haur\u00e0 de notificar a la FUNDACI\u00d3 i\/o mail <strong>info@fundacioenricmiralles.com<\/strong> la seva decisi\u00f3 de desistir del contracte mitjan\u00e7ant una declaraci\u00f3 inequ\u00edvoca (per exemple, una carta enviada per correu postal o correu electr\u00f2nic).<\/p>\n\n<p>En cas de desistiment per la seva banda, es tornaran tots els pagaments rebuts, excloses les despeses de lliurament sense cap demora indeguda i, en tot cas, com a molt tard 30 dies naturals a partir de la data en qu\u00e8 s&#8217;informi a la FUNDACI\u00d3 de la decisi\u00f3 del Client de desistir del present contracte. La FUNDACI\u00d3 procedir\u00e0 a efectuar aquest reemborsament utilitzant el mateix mitj\u00e0 de pagament emprat pel Client per a la transacci\u00f3 inicial, tret que les parts hagin disposat expressament i de mutu acord el contrari; en tot cas, el Client incorrer\u00e0 en les despeses com a conseq\u00fc\u00e8ncia del reemborsament.<\/p>\n\n<p>La comanda tornada haur\u00e0 de ser lliurada juntament amb l&#8217;albar\u00e0 de lliurament i, si escau, la factura emesa per la FUNDACI\u00d3, corrent el Client, com ja s&#8217;ha dit, amb les despeses de devoluci\u00f3. El Client nom\u00e9s podr\u00e0 tornar qualsevol article que hagi comprat a la FUNDACI\u00d3 sempre que els productes conservin el seu precinte i els manuals, accessoris o regals inclosos si escau.<\/p>\n\n<h2 class=\"wp-block-heading\"><strong>DEVOLUCI\u00d3 D&#8217;ENVIAMENTS INCORRECTES<\/strong><\/h2>\n\n<p>Si un producte diferent del sol\u00b7licitat pel Client fos lliurat per error de la FUNDACI\u00d3, se li lliurar\u00e0 el producte correcte, recollint el primer, sense cap c\u00e0rrec addicional per al Client.<\/p>\n\n<p>Si un producte ha arribat al client trencat, fet malb\u00e9 o en males condicions, la FUNDACI\u00d3 es far\u00e0 c\u00e0rrec de recollir-lo al seu domicili, substituint-lo per un altre en bon estat, sense c\u00e0rrecs addicionals.<\/p>\n\n<p>Per a qualsevol reclamaci\u00f3 o consulta podeu posar-vos en contacte amb la FUNDACI\u00d3 a trav\u00e9s de l&#8217;adre\u00e7a d&#8217;Email <strong>info@fundacioenricmiralles.com<\/strong> .<\/p>\n\n<h2 class=\"wp-block-heading\"><strong>PROPIETAT INDUSTRIAL I INTEL\u00b7LECTUAL<\/strong><\/h2>\n\n<p>Mitjan\u00e7ant l&#8217;acceptaci\u00f3 de les presents Condicions Generals de Contractaci\u00f3, el Client es compromet a respectar els Drets de Propietat Industrial i Intel\u00b7lectual titularitat de FUNDACI\u00d3N Enric Miralles i de tercers.<\/p>\n\n<p>Amb aquesta finalitat, el Client reconeix que els Drets de Propietat Intel\u00b7lectual i Industrial sobre les obres liter\u00e0ries, art\u00edstiques, cient\u00edfiques, meres fotografies, marques, logos, i qualsevol altre element o material tangible o intangible, susceptible de protecci\u00f3, continguts a la Web corresponen en exclusiva a la FUNDACI\u00d3 (oa tercers autoritzants), a qui correspon l&#8217;exercici exclusiu dels drets d&#8217;explotaci\u00f3 dels mateixos en qualsevol forma i, en especial, amb car\u00e0cter enunciatiu i no limitatiu, els drets de fixaci\u00f3, reproducci\u00f3, distribuci\u00f3, transformaci\u00f3 , comercialitzaci\u00f3, i comunicaci\u00f3 p\u00fablica.<\/p>\n\n<p>La reproducci\u00f3, distribuci\u00f3, comunicaci\u00f3 p\u00fablica, comercialitzaci\u00f3 o transformaci\u00f3 no autoritzades de les obres esmentades, marques, logos, etc. podran constituir una infracci\u00f3 dels Drets de Propietat Intel\u00b7lectual i Industrial de la FUNDACI\u00d3 o del titular dels mateixos, i podr\u00e0 donar lloc a l&#8217;exercici de totes les accions judicials o extrajudicials que els poguessin correspondre a l&#8217;exercici dels seus Drets.<\/p>\n\n<h2 class=\"wp-block-heading\"><strong>JURISDICCI\u00d3 I LLEI APLICABLE<\/strong><\/h2>\n\n<p>En cas que sorgeixi qualsevol conflicte o discrep\u00e0ncia en la interpretaci\u00f3 o aplicaci\u00f3 de les presents condicions contractuals, les parts se sotmeten, amb ren\u00fancia expressa a qualsevol altre fur, als Jutjats i Tribunals de Barcelona (Espanya).<\/p>\n","protected":false},"excerpt":{"rendered":"<p>OBJECTE I \u00c0MBIT D&#8217;APLICACI\u00d3 Les presents Condicions Generals de Contractaci\u00f3 tenen com a objecte regular la relaci\u00f3 entre Fundaci\u00f3 Enric Miralles (d&#8217;ara endavant LA FUNDACI\u00d3), i Ud. (d&#8217;ara endavant &#8220;el Client&#8221;), relatives a totes les transaccions realitzades a trav\u00e9s de la p\u00e0gina web \u201cwwwfundacioenricmiralles. com\u201d (d&#8217;ara endavant la Web), domini del qual \u00e9s titular la [&hellip;]<\/p>\n","protected":false},"author":1,"featured_media":0,"parent":0,"menu_order":0,"comment_status":"closed","ping_status":"closed","template":"","meta":{"_acf_changed":false,"footnotes":""},"class_list":["post-1616","page","type-page","status-publish","hentry"],"acf":[],"_links":{"self":[{"href":"https:\/\/fundacioenricmiralles.com\/ca\/wp-json\/wp\/v2\/pages\/1616","targetHints":{"allow":["GET"]}}],"collection":[{"href":"https:\/\/fundacioenricmiralles.com\/ca\/wp-json\/wp\/v2\/pages"}],"about":[{"href":"https:\/\/fundacioenricmiralles.com\/ca\/wp-json\/wp\/v2\/types\/page"}],"author":[{"embeddable":true,"href":"https:\/\/fundacioenricmiralles.com\/ca\/wp-json\/wp\/v2\/users\/1"}],"replies":[{"embeddable":true,"href":"https:\/\/fundacioenricmiralles.com\/ca\/wp-json\/wp\/v2\/comments?post=1616"}],"version-history":[{"count":4,"href":"https:\/\/fundacioenricmiralles.com\/ca\/wp-json\/wp\/v2\/pages\/1616\/revisions"}],"predecessor-version":[{"id":1625,"href":"https:\/\/fundacioenricmiralles.com\/ca\/wp-json\/wp\/v2\/pages\/1616\/revisions\/1625"}],"wp:attachment":[{"href":"https:\/\/fundacioenricmiralles.com\/ca\/wp-json\/wp\/v2\/media?parent=1616"}],"curies":[{"name":"wp","href":"https:\/\/api.w.org\/{rel}","templated":true}]}}