{"id":1630,"date":"2023-11-19T09:13:06","date_gmt":"2023-11-19T08:13:06","guid":{"rendered":"https:\/\/fundacioenricmiralles.com\/politica-de-privacitat-i-proteccio-de-dades\/"},"modified":"2024-05-17T12:55:50","modified_gmt":"2024-05-17T10:55:50","slug":"politica-de-privacitat-i-proteccio-de-dades","status":"publish","type":"page","link":"https:\/\/fundacioenricmiralles.com\/ca\/politica-de-privacitat-i-proteccio-de-dades\/","title":{"rendered":"POL\u00cdTICA DE PRIVACITAT I PROTECCI\u00d3 DE DADES"},"content":{"rendered":"\n<p><\/p>\n\n<h2 class=\"wp-block-heading\"><strong>Responsable del tractament de les dades personals<\/strong><\/h2>\n\n<p>Fundaci\u00f3 Enric Miralles (d&#8217;ara endavant la FUNDACI\u00d3), titular de p\u00e0gina web \u201cwwwfundacioenricmiralles.com\u201d (d&#8217;ara endavant la Web) \u00e9s la responsable de les dades personals facilitades a trav\u00e9s del web, de les obtingudes com a conseq\u00fc\u00e8ncia de la relaci\u00f3 que vost\u00e8 ( d&#8217;ara endavant \u201cel Client\/Usuari\u201d) mantingui amb la FUNDACI\u00d3 i dels derivats dels h\u00e0bits de navegaci\u00f3 i consum del Client.<\/p>\n\n<p>La FUNDACI\u00d3, amb CIF: G65541229, es troba ubicada a Passatge de la Pau, 10bis &#8211; 08002 Barcelona, \u200b\u200bpodent posar-se en contacte amb aquesta a trav\u00e9s d&#8217;Email: <a href=\"mailto:info@fundacioenricmiralles.com\">info@fundacioenricmiralles.com<\/a> , o per tel\u00e8fon: 936 241 702.<\/p>\n\n<p>La FUNDACI\u00d3 respectar\u00e0 el que estableix la legislaci\u00f3 vigent referent a la pol\u00edtica de privadesa; en concret, el Reglament (UE) 2016\/679 del Parlament Europeu i del Consell, de 27 d&#8217;abril de 2016, relatiu a la protecci\u00f3 de les persones f\u00edsiques pel que fa al tractament de dades personals ia la lliure circulaci\u00f3 d&#8217;aquestes dades ( RGPD), la Llei Org\u00e0nica 15\/1999, de 13 de desembre, de protecci\u00f3 de dades de car\u00e0cter personal (LOPD), el Reial Decret 1720\/2007, de 21 de desembre, pel qual s&#8217;aprova el Reglament de desplegament de la Llei Org\u00e0nica 15\/1999, de 13 de desembre, de protecci\u00f3 de dades de car\u00e0cter personal (RDLOPD), la Llei 34\/2002, de 11 de juliol, de Serveis de la Societat de la Informaci\u00f3 i de Comer\u00e7 Electr\u00f2nic (LSSI-CE).<\/p>\n\n<h2 class=\"wp-block-heading\"><strong>Finalitat del tractament de les dades personals<\/strong><\/h2>\n\n<p>La FUNDACI\u00d3 tractar\u00e0 les dades personals del Client\/Usuari per tal de gestionar la relaci\u00f3 que mant\u00e9 amb la FUNDACI\u00d3, incloent-hi la compra de productes a la Web, aix\u00ed com per enviar-li comunicacions de car\u00e0cter informatiu, fins i tot finalitzada la relaci\u00f3 amb el Client\/Usuari , per mantenir informat d&#8217;aquells productes i serveis els nostres similars als sol\u00b7licitats anteriorment pel Client.<\/p>\n\n<p>Les dades personals recollides per la FUNDACI\u00d3 seran introdu\u00efdes en un fitxer automatitzat sota la responsabilitat del Responsable del tractament, i degudament declarat i inscrit al Registre General de l&#8217;Ag\u00e8ncia de Protecci\u00f3 de Dades que es pot consultar al lloc web de l&#8217;Ag\u00e8ncia Espanyola de Protecci\u00f3 de Dades (http:\/\/www.agpd.es), per tal de poder facilitar, agilitzar i complir els compromisos establerts entre la FUNDACI\u00d3 i el Client\/Usuari, el manteniment de la relaci\u00f3 que s&#8217;estableixi als formularis que aquest ompliu, o per atendre una sol\u00b7licitud o consulta d&#8217;aquest.<\/p>\n\n<h2 class=\"wp-block-heading\"><strong>Principis aplicables al tractament de les dades personals<\/strong><\/h2>\n\n<p>El tractament de les dades personals del Client\/Usuari se sotmetr\u00e0 als seg\u00fcents principis recollits a l&#8217;article 5 del RGPD, com p.ex., el Principi de licitud, lleialtat i transpar\u00e8ncia, Principi de limitaci\u00f3 de la finalitat, Principi de minimitzaci\u00f3 de dades, principi d&#8217;exactitud, principi de limitaci\u00f3 del termini de conservaci\u00f3, principi d&#8217;integritat i confidencialitat i el principi de responsabilitat proactiva.<\/p>\n\n<h2 class=\"wp-block-heading\"><strong>Categories de dades personals<\/strong><\/h2>\n\n<p>Les categories de dades que es tracten a la FUNDACI\u00d3 s\u00f3n \u00fanicament dades identificatives. En cap cas, no es tracten categories especials de dades personals en el sentit de l&#8217;article 9 del RGPD.<\/p>\n\n<p>La FUNDACI\u00d3 es compromet a demanar el consentiment expr\u00e9s i verificable del Client\/Usuari per al tractament de les seves dades personals per a un o diversos fins espec\u00edfics.<\/p>\n\n<h2 class=\"wp-block-heading\"><strong>Per\u00edodes de retenci\u00f3 de les dades personals i Destinaris<\/strong><\/h2>\n\n<p>Les dades personals nom\u00e9s seran retingudes durant el temps m\u00ednim necessari per als fins del seu tractament i, en tot cas, \u00fanicament durant el termini seg\u00fcent: 5 anys o fins que el Client\/Usuari sol\u00b7liciti la seva supressi\u00f3.<\/p>\n\n<p>Les dades personals de l&#8217;usuari no seran compartides amb tercers.<\/p>\n\n<p>Respectant all\u00f2 establert als articles 8 del RGPD i 13 del RDLOPD, nom\u00e9s els majors de 14 anys podran atorgar el seu consentiment per al tractament de les seves dades personals de forma l\u00edcita per a la FUNDACI\u00d3. Si es tracta d&#8217;un menor de 14 anys, caldr\u00e0 el consentiment dels pares o tutors per al tractament, i aquest nom\u00e9s es considerar\u00e0 l\u00edcit en la mesura que aquests els ho autoritzin.<\/p>\n\n<h2 class=\"wp-block-heading\"><strong>Secret i seguretat de les dades personals<\/strong><\/h2>\n\n<p>La FUNDACI\u00d3 es compromet a adoptar les mesures t\u00e8cniques i organitzatives necess\u00e0ries, segons el nivell de seguretat adequat al risc de les dades recollides, de manera que es garanteixi la seguretat de les dades de car\u00e0cter personal i s&#8217;eviti la destrucci\u00f3, p\u00e8rdua o alteraci\u00f3 accidental o il\u00b7l\u00edcita de dades personals transmeses, conservades o tractades d&#8217;una altra manera, o la comunicaci\u00f3 o acc\u00e9s no autoritzats a aquestes dades.<\/p>\n\n<h2 class=\"wp-block-heading\"><strong>Drets derivats del tractament de les dades personals<\/strong><\/h2>\n\n<p>El Client\/Usuari podr\u00e0 exercir davant del Responsable del tractament de la FUNDACI\u00d3 els Drets reconeguts al RGPD, entre ells:<\/p>\n\n<ul class=\"wp-block-list\">\n<li><strong>Dret d&#8217;acc\u00e9s: <\/strong>\u00c9s el dret del Client\/Usuari a obtenir confirmaci\u00f3 de si la FUNDACI\u00d3 est\u00e0 tractant o no les seves dades personals i, en cas afirmatiu, obtenir informaci\u00f3 sobre les dades concretes de car\u00e0cter personal i del tractament que la FUNDACI\u00d3 hagi realitzat o realitzi, aix\u00ed com, entre d&#8217;altres, de la informaci\u00f3 disponible sobre l&#8217;origen d&#8217;aquestes dades i dels destinataris de les comunicacions fetes o previstes.<\/li>\n\n\n\n<li><strong>Dret de rectificacions:<\/strong> \u00c9s el dret del client\/usuari a qu\u00e8 es modifiquen sobre dades personals que siguin inexactes o, tenint en compte les finalitats del tractament, siguin incomplets.<\/li>\n\n\n\n<li><strong>Dret de supressi\u00f3: <\/strong>\u00c9s el dret del client\/usuari, sempre que la legislaci\u00f3 vigent no estableixi el contrari, a obtenir la supressi\u00f3 de les seves dades personals quan aquestes ja no siguin necess\u00e0ries per als fins per als quals van ser recollits o tractats; o l&#8217;Usuari hagi retirat el consentiment al tractament i aquest no compti amb una altra base legal; o l&#8217;Usuari s&#8217;oposi al tractament i no hi hagi cap altre motiu leg\u00edtim per continuar amb aquest; o les dades personals hagin estat tractades il\u00b7l\u00edcitament; o les dades personals s&#8217;han de suprimir en compliment d&#8217;una obligaci\u00f3 legal; o les dades personals hagin estat obtingudes producte duna oferta directa de serveis de la societat de la informaci\u00f3 a un menor de 14 anys.<\/li>\n<\/ul>\n\n<p>Quan linteressat ho consideri oport\u00fa podr\u00e0 presentar una reclamaci\u00f3 davant lAg\u00e8ncia Espanyola de Protecci\u00f3 de Dades, especialment quan aquell consideri que no hem satisfet degudament lexercici dels seus Drets. Aquesta reclamaci\u00f3 la pot presentar davant l&#8217;autoritat esmentada mitjan\u00e7ant les diferents opcions que la seu electr\u00f2nica de l&#8217;Ag\u00e8ncia Espanyola de Protecci\u00f3 de Dades ofereix.<\/p>\n","protected":false},"excerpt":{"rendered":"<p>Responsable del tractament de les dades personals Fundaci\u00f3 Enric Miralles (d&#8217;ara endavant la FUNDACI\u00d3), titular de p\u00e0gina web \u201cwwwfundacioenricmiralles.com\u201d (d&#8217;ara endavant la Web) \u00e9s la responsable de les dades personals facilitades a trav\u00e9s del web, de les obtingudes com a conseq\u00fc\u00e8ncia de la relaci\u00f3 que vost\u00e8 ( d&#8217;ara endavant \u201cel Client\/Usuari\u201d) mantingui amb la FUNDACI\u00d3 [&hellip;]<\/p>\n","protected":false},"author":1,"featured_media":0,"parent":0,"menu_order":0,"comment_status":"closed","ping_status":"closed","template":"","meta":{"_acf_changed":false,"footnotes":""},"class_list":["post-1630","page","type-page","status-publish","hentry"],"acf":[],"_links":{"self":[{"href":"https:\/\/fundacioenricmiralles.com\/ca\/wp-json\/wp\/v2\/pages\/1630","targetHints":{"allow":["GET"]}}],"collection":[{"href":"https:\/\/fundacioenricmiralles.com\/ca\/wp-json\/wp\/v2\/pages"}],"about":[{"href":"https:\/\/fundacioenricmiralles.com\/ca\/wp-json\/wp\/v2\/types\/page"}],"author":[{"embeddable":true,"href":"https:\/\/fundacioenricmiralles.com\/ca\/wp-json\/wp\/v2\/users\/1"}],"replies":[{"embeddable":true,"href":"https:\/\/fundacioenricmiralles.com\/ca\/wp-json\/wp\/v2\/comments?post=1630"}],"version-history":[{"count":5,"href":"https:\/\/fundacioenricmiralles.com\/ca\/wp-json\/wp\/v2\/pages\/1630\/revisions"}],"predecessor-version":[{"id":1666,"href":"https:\/\/fundacioenricmiralles.com\/ca\/wp-json\/wp\/v2\/pages\/1630\/revisions\/1666"}],"wp:attachment":[{"href":"https:\/\/fundacioenricmiralles.com\/ca\/wp-json\/wp\/v2\/media?parent=1630"}],"curies":[{"name":"wp","href":"https:\/\/api.w.org\/{rel}","templated":true}]}}