{"id":650,"date":"2024-02-21T12:26:19","date_gmt":"2024-02-21T11:26:19","guid":{"rendered":"https:\/\/fundacioenricmiralles.com\/enric-miralles\/"},"modified":"2025-05-23T18:11:37","modified_gmt":"2025-05-23T16:11:37","slug":"enric-miralles","status":"publish","type":"page","link":"https:\/\/fundacioenricmiralles.com\/ca\/la-fundacio-enric-miralles\/enric-miralles\/","title":{"rendered":"Enric Miralles"},"content":{"rendered":"\n<p>Enric Miralles va ser molt m\u00e9s que un arquitecte catal\u00e0. Va ser un visionari que, amb cada tra\u00e7 i cada estructura, va reinventar la manera com habitem el m\u00f3n.  <\/p>\n\n<p>Llicenciat en l \u201cETSAB el 1974, la seva carrera es va enlairar de manera mete\u00f2rica. Des dels seus inicis com a ajudant d\u201d Albert Viaplana i Helio Pi\u00f1\u00f3n, Miralles es va submergir a l \u201c\u00e0nima de Barcelona, \u200b\u200bcol\u00b7laborant en obres que avui formen part de la seva identitat urbana, com ara l\u201d emblem\u00e0tica Pla\u00e7a de Sants. <\/p>\n\n<p>El 1983 va marcar un nou cap\u00edtol: va fundar el seu primer estudi juntament amb Carme Pin\u00f3s. En aquesta etapa, el seu llenguatge arquitect\u00f2nic va comen\u00e7ar a definir-se amb for\u00e7a: corbes tangents, estructures asim\u00e8triques, acer i formig\u00f3 que es transformaven en poesia visual. Obres com <em>Tir amb Arc<\/em> o el <em>Cementiri d&#8217;Igualada<\/em> no nom\u00e9s van ser construccions, sin\u00f3 tamb\u00e9 manifestacions de sensibilitat espacial.  <\/p>\n\n<p>La d\u00e8cada dels 90 va ser la seva \u00e8poca de m\u00e9s maduresa creativa. De la m\u00e0 de la seva companya i s\u00f2cia Benedetta Tagliabue, Enric va aconseguir una profunditat art\u00edstica sense precedents. Junts van fundar EMBT Arquitectes, un estudi on cada projecte \u00e9s un joc, un repte, una exploraci\u00f3. Els dos arquitectes, junts, van incorporar amb subtilesa el color, la mat\u00e8ria i el context cultural, donant vida a obres com el <em>Mercat de Santa Caterina<\/em> , el <em>Parlament escoc\u00e8s<\/em> o l&#8217;eteri <em>Pavell\u00f3 de la Meditaci\u00f3<\/em> a Unazuki.   <\/p>\n\n<p>Tot i la seva primerenca partida l \u201cany 2000, el seu llegat roman m\u00e9s viu que mai. Gr\u00e0cies a l\u201d impuls de Benedetta, EMBT continua sent un far de creativitat, mantenint viva la passi\u00f3 i la visi\u00f3 compartida. <\/p>\n\n<p>Enric Miralles va ser creador d \u201cescultures habitables, collages conceptuals, idees transformadores. El seu estil irrepetible \u2014exuberant, juganer, profundament lliure\u2014 va deixar una empremta inesborrable a Europa, \u00c0sia i al cor dels qui estimen l\u201d arquitectura amb \u00e0nima. <\/p>\n","protected":false},"excerpt":{"rendered":"<p>Enric Miralles va ser molt m\u00e9s que un arquitecte catal\u00e0. Va ser un visionari que, amb cada tra\u00e7 i cada estructura, va reinventar la manera com habitem el m\u00f3n. Llicenciat en l \u201cETSAB el 1974, la seva carrera es va enlairar de manera mete\u00f2rica. Des dels seus inicis com a ajudant d\u201d Albert Viaplana i [&hellip;]<\/p>\n","protected":false},"author":1,"featured_media":589,"parent":654,"menu_order":0,"comment_status":"closed","ping_status":"closed","template":"","meta":{"_acf_changed":false,"footnotes":""},"class_list":["post-650","page","type-page","status-publish","has-post-thumbnail","hentry"],"acf":[],"_links":{"self":[{"href":"https:\/\/fundacioenricmiralles.com\/ca\/wp-json\/wp\/v2\/pages\/650","targetHints":{"allow":["GET"]}}],"collection":[{"href":"https:\/\/fundacioenricmiralles.com\/ca\/wp-json\/wp\/v2\/pages"}],"about":[{"href":"https:\/\/fundacioenricmiralles.com\/ca\/wp-json\/wp\/v2\/types\/page"}],"author":[{"embeddable":true,"href":"https:\/\/fundacioenricmiralles.com\/ca\/wp-json\/wp\/v2\/users\/1"}],"replies":[{"embeddable":true,"href":"https:\/\/fundacioenricmiralles.com\/ca\/wp-json\/wp\/v2\/comments?post=650"}],"version-history":[{"count":2,"href":"https:\/\/fundacioenricmiralles.com\/ca\/wp-json\/wp\/v2\/pages\/650\/revisions"}],"predecessor-version":[{"id":4234,"href":"https:\/\/fundacioenricmiralles.com\/ca\/wp-json\/wp\/v2\/pages\/650\/revisions\/4234"}],"up":[{"embeddable":true,"href":"https:\/\/fundacioenricmiralles.com\/ca\/wp-json\/wp\/v2\/pages\/654"}],"wp:featuredmedia":[{"embeddable":true,"href":"https:\/\/fundacioenricmiralles.com\/ca\/wp-json\/wp\/v2\/media\/589"}],"wp:attachment":[{"href":"https:\/\/fundacioenricmiralles.com\/ca\/wp-json\/wp\/v2\/media?parent=650"}],"curies":[{"name":"wp","href":"https:\/\/api.w.org\/{rel}","templated":true}]}}