{"id":654,"date":"2024-01-08T21:16:36","date_gmt":"2024-01-08T20:16:36","guid":{"rendered":"https:\/\/fundacioenricmiralles.com\/la-fundacio-enric-miralles\/"},"modified":"2025-05-23T18:12:12","modified_gmt":"2025-05-23T16:12:12","slug":"la-fundacio-enric-miralles","status":"publish","type":"page","link":"https:\/\/fundacioenricmiralles.com\/ca\/la-fundacio-enric-miralles\/","title":{"rendered":"La Fundaci\u00f3 Enric Miralles"},"content":{"rendered":"\n<p>La Fundaci\u00f3 Enric Miralles \u00e9s un centre dedicat a l&#8217;arquitectura, el disseny i la investigaci\u00f3 contempor\u00e0nia. La seva missi\u00f3 \u00e9s mantenir viva la passi\u00f3 d\u00b4Enric Miralles per la innovaci\u00f3, l\u00b4experimentaci\u00f3 i la transformaci\u00f3 de l\u00b4entorn constru\u00eft. <\/p>\n\n<p>Fundada el 2011 per Benedetta Tagliabue -companya de vida i d \u201cestudi d\u201d Enric- juntament amb la fam\u00edlia, la Fundaci\u00f3 va n\u00e9ixer amb el prop\u00f2sit de preservar i projectar l \u201cesperit creatiu d\u201d un dels arquitectes m\u00e9s influents de la seva generaci\u00f3. Visionari, sensible dibuixant, docent brillant i apassionat impulsor del futur urb\u00e0 de Barcelona, \u200b\u200bEnric Miralles va deixar un llegat que avui inspira noves generacions. <\/p>\n\n<p>Des de la seu al cor del barri G\u00f2tic de Barcelona, \u200b\u200bla Fundaci\u00f3 organitza exposicions, publicacions, tallers i programes d \u201cintercanvi internacional. Cada iniciativa busca promoure l\u201d arquitectura com un llenguatge viu, obert al di\u00e0leg i en evoluci\u00f3 constant. <\/p>\n\n<p>La Fundaci\u00f3 cust\u00f2dia l&#8217;arxiu m\u00e9s complet de l&#8217;obra d&#8217;Enric Miralles i Benedetta Tagliabue, que es converteix en un centre de refer\u00e8ncia per a investigadors, estudiants i professionals de tot el m\u00f3n. A m\u00e9s, compta amb una sala d&#8217;exposicions i dos espais de coworking que acullen resid\u00e8ncies, projectes de recerca i talents joves del disseny i l&#8217;arquitectura. <\/p>\n\n<p>M\u00e9s que no pas una instituci\u00f3, la Fundaci\u00f3 Enric Miralles \u00e9s una plataforma d \u201cidees. Un punt de trobada per als que entenen l\u201d arquitectura com una manera d \u201cexplorar, d\u201d imaginar i de construir el futur. <\/p>\n","protected":false},"excerpt":{"rendered":"<p>La Fundaci\u00f3 Enric Miralles \u00e9s un centre dedicat a l&#8217;arquitectura, el disseny i la investigaci\u00f3 contempor\u00e0nia. La seva missi\u00f3 \u00e9s mantenir viva la passi\u00f3 d\u00b4Enric Miralles per la innovaci\u00f3, l\u00b4experimentaci\u00f3 i la transformaci\u00f3 de l\u00b4entorn constru\u00eft. Fundada el 2011 per Benedetta Tagliabue -companya de vida i d \u201cestudi d\u201d Enric- juntament amb la fam\u00edlia, la [&hellip;]<\/p>\n","protected":false},"author":1,"featured_media":413,"parent":0,"menu_order":0,"comment_status":"closed","ping_status":"closed","template":"","meta":{"_acf_changed":false,"footnotes":""},"class_list":["post-654","page","type-page","status-publish","has-post-thumbnail","hentry"],"acf":[],"_links":{"self":[{"href":"https:\/\/fundacioenricmiralles.com\/ca\/wp-json\/wp\/v2\/pages\/654","targetHints":{"allow":["GET"]}}],"collection":[{"href":"https:\/\/fundacioenricmiralles.com\/ca\/wp-json\/wp\/v2\/pages"}],"about":[{"href":"https:\/\/fundacioenricmiralles.com\/ca\/wp-json\/wp\/v2\/types\/page"}],"author":[{"embeddable":true,"href":"https:\/\/fundacioenricmiralles.com\/ca\/wp-json\/wp\/v2\/users\/1"}],"replies":[{"embeddable":true,"href":"https:\/\/fundacioenricmiralles.com\/ca\/wp-json\/wp\/v2\/comments?post=654"}],"version-history":[{"count":4,"href":"https:\/\/fundacioenricmiralles.com\/ca\/wp-json\/wp\/v2\/pages\/654\/revisions"}],"predecessor-version":[{"id":4244,"href":"https:\/\/fundacioenricmiralles.com\/ca\/wp-json\/wp\/v2\/pages\/654\/revisions\/4244"}],"wp:featuredmedia":[{"embeddable":true,"href":"https:\/\/fundacioenricmiralles.com\/ca\/wp-json\/wp\/v2\/media\/413"}],"wp:attachment":[{"href":"https:\/\/fundacioenricmiralles.com\/ca\/wp-json\/wp\/v2\/media?parent=654"}],"curies":[{"name":"wp","href":"https:\/\/api.w.org\/{rel}","templated":true}]}}