{"id":683,"date":"2024-03-01T19:57:01","date_gmt":"2024-03-01T18:57:01","guid":{"rendered":"https:\/\/fundacioenricmiralles.com\/lloguer-despais\/"},"modified":"2026-01-21T15:31:53","modified_gmt":"2026-01-21T14:31:53","slug":"lloguer-despais","status":"publish","type":"page","link":"https:\/\/fundacioenricmiralles.com\/ca\/lloguer-despais\/","title":{"rendered":"Lloguer d&#8217;espais"},"content":{"rendered":"<div>\n<nav aria-label=\"breadcrumbs\" class=\"rank-math-breadcrumb\"><p><span class=\"last\">Inici<\/span><\/p><\/nav><\/div>\n<div>\n<p>  Els espais de la Fundaci\u00f3 Enric Miralles estan disponibles per a lloguer, ja sigui per a treball col\u00b7laboratiu, esdeveniments creatius o \u00fas exclusiu.<br \/>\n Un entorn \u00fanic al barri G\u00f2tic on es troben l&#8217;arquitectura, la hist\u00f2ria i la innovaci\u00f3. Per a m\u00e9s informaci\u00f3 i condicions, contacta amb nosaltres a <a href=\"mailto:info@fundacioenricmiralles.com\">info@fundacioenricmiralles.com<\/a> . <\/p>\n<\/div>\n<ul>\n<li>\n<p>        <img decoding=\"async\" src=\"\/wp-content\/uploads\/Sala-principal_Fundacio-Enric-Miralles-8-scaled.jpg\" alt=\"\"><\/p>\n<h2>Sala Principal<\/h2>\n<p>250 mq<\/p>\n<div>\n<p>A partir de 180\u20ac\/h<\/p>\n<\/div>\n<\/li>\n<li>\n<p>        <img decoding=\"async\" src=\"\/wp-content\/uploads\/IMG_8383-1-scaled.jpg\" alt=\"\"><\/p>\n<h2>Vestibul<\/h2>\n<p>90 mq<\/p>\n<\/li>\n<li>\n<p>        <img decoding=\"async\" src=\"\/wp-content\/uploads\/20-FEM-scaled.jpg\" alt=\"\"><\/p>\n<h2>Sala Maquetes<\/h2>\n<p>180 mq<\/p>\n<div>\n<p>A partir de 130\u20ac\/h<\/p>\n<\/div>\n<\/li>\n<li>\n<p>        <img decoding=\"async\" src=\"\/wp-content\/uploads\/353A2353-scaled.jpg\" alt=\"\"><\/p>\n<h2>Sala Baix Quarta<\/h2>\n<p>70 mq<\/p>\n<div>\n<p>A partir de 50\u20ac\/h<\/p>\n<\/div>\n<\/li>\n<\/ul>\n<p><!--more--><br \/>\n<!-- {\"type\":\"layout\",\"children\":[{\"type\":\"section\",\"props\":{\"image_position\":\"center-center\",\"padding_remove_bottom\":true,\"padding_remove_top\":true,\"style\":\"default\",\"title_breakpoint\":\"xl\",\"title_position\":\"top-left\",\"title_rotation\":\"left\",\"vertical_align\":\"\",\"width\":\"default\"},\"children\":[{\"type\":\"row\",\"props\":{\"column_gap\":\"large\",\"divider\":true},\"children\":[{\"type\":\"column\",\"props\":{\"image_position\":\"center-center\",\"position_sticky_breakpoint\":\"m\"},\"children\":[{\"type\":\"html\",\"props\":{\"content\":\"[rank_math_breadcrumb]\"},\"name\":\"Breadcrumbs\"},{\"type\":\"headline\",\"props\":{\"css\":\".el-element{letter-spacing:-0.5px;\\nline-height: 1.1em; text-transform:none;}\",\"title_element\":\"h1\",\"title_style\":\"heading-large\"},\"source_extended\":{\"props\":{\"content\":{\"name\":\"title\",\"query\":{\"name\":\"#parent\"}}}},\"source\":[]},{\"type\":\"html\",\"props\":{\"content\":\"Los espacios de la Fundaci\\u00f3 Enric Miralles est\\u00e1n disponibles para alquiler, ya sea para trabajo colaborativo, eventos creativos o uso exclusivo.\\nUn entorno \\u00fanico en el barrio G\\u00f3tico donde la arquitectura, la historia y la innovaci\\u00f3n se encuentran. Para m\\u00e1s informaci\\u00f3n y condiciones, contacta con nosotros en <a href=\\\"mailto:info@fundacioenricmiralles.com\\\">info@fundacioenricmiralles.com<\\\/a>.\\n\",\"css\":\".el-element p {font-size: 24px;letter-spacing: -0.5px;line-height:24px;margin-bottom: 16px}\"}}]}]}],\"source\":{\"query\":{\"name\":\"pages.singlePage\"}},\"name\":\"P\\u00e0gina\"},{\"name\":\"Registry logos\",\"type\":\"section\",\"props\":{\"image_position\":\"center-center\",\"padding_remove_bottom\":true,\"padding_remove_top\":false,\"style\":\"default\",\"title_breakpoint\":\"xl\",\"title_position\":\"top-left\",\"title_rotation\":\"left\",\"vertical_align\":\"\",\"width\":\"default\"},\"children\":[{\"type\":\"row\",\"children\":[{\"type\":\"column\",\"props\":{\"image_position\":\"center-center\",\"padding\":\"none\",\"position_sticky_breakpoint\":\"m\"},\"children\":[{\"type\":\"gallery\",\"props\":{\"filter_align\":\"left\",\"filter_all\":true,\"filter_grid_breakpoint\":\"m\",\"filter_grid_width\":\"auto\",\"filter_position\":\"top\",\"filter_style\":\"tab\",\"grid_column_align\":true,\"grid_column_gap\":\"medium\",\"grid_default\":\"1\",\"grid_divider\":false,\"grid_masonry\":\"pack\",\"grid_medium\":\"4\",\"grid_parallax_justify\":true,\"grid_row_align\":false,\"grid_row_gap\":\"medium\",\"grid_small\":\"2\",\"image_height\":\"600\",\"image_orientation\":false,\"image_transition\":\"scale-up\",\"image_transition_border\":false,\"image_width\":\"400\",\"item_animation\":true,\"lightbox\":true,\"lightbox_bg_close\":true,\"lightbox_image_orientation\":true,\"link_style\":\"text\",\"link_text\":\"\",\"margin\":\"default\",\"meta_align\":\"below-title\",\"meta_element\":\"div\",\"meta_style\":\"text-meta\",\"overlay_hover\":false,\"overlay_link\":true,\"overlay_margin\":\"medium\",\"overlay_mode\":\"caption\",\"overlay_padding\":\"small\",\"overlay_position\":\"center\",\"overlay_style\":\"tile-muted\",\"overlay_transition\":\"fade\",\"overlay_transition_background\":true,\"show_content\":true,\"show_hover_image\":false,\"show_hover_video\":true,\"show_link\":true,\"show_meta\":true,\"show_title\":true,\"text_align\":\"center\",\"text_color\":\"light\",\"title_element\":\"h2\",\"title_font_family\":\"primary\",\"title_hover_style\":\"heading\",\"title_style\":\"h3\"},\"children\":[{\"type\":\"gallery_item\",\"props\":{\"content\":\"\n\n<p>A partir de 180 \\u20ac\\\/h<\\\/p>\",\"image\":\"wp-content\\\/uploads\\\/Sala-principal_Fundacio-Enric-Miralles-8-scaled.jpg\",\"meta\":\"250 mq\",\"title\":\"Sala Principal\"}},{\"type\":\"gallery_item\",\"props\":{\"image\":\"wp-content\\\/uploads\\\/IMG_8383-1-scaled.jpg\",\"meta\":\"90 mq\",\"title\":\"Vestibulo\"}},{\"type\":\"gallery_item\",\"props\":{\"content\":\"\n\n<p>A partir de 130 \\u20ac\\\/h<\\\/p>\",\"image\":\"wp-content\\\/uploads\\\/20-FEM-scaled.jpg\",\"meta\":\"180 mq\",\"title\":\"Sala Maquetas\"}},{\"type\":\"gallery_item\",\"props\":{\"content\":\"\n\n<p>A partir de 50 \\u20ac\\\/h<\\\/p>\",\"image\":\"wp-content\\\/uploads\\\/353A2353-scaled.jpg\",\"meta\":\"70 mq\",\"title\":\"Sala Bajo Cuarta\"}}]}]}]},{\"type\":\"row\",\"props\":{\"margin_remove_bottom\":true},\"children\":[{\"type\":\"column\",\"props\":{\"image_position\":\"center-center\",\"position_sticky_breakpoint\":\"m\"},\"children\":[{\"type\":\"html\",\"source_extended\":{\"props\":{\"content\":{\"composed\":{\"value\":\"\n\n<div class=\\\"corchete-text\\\">\n\n<div class=\\\"remate left\\\"><\\\/div><span>{{ sources.d8be }}<\\\/span>\n\n<div class=\\\"remate right\\\"><\\\/div><\\\/div>\",\"sources\":{\"d8be\":{\"filters\":{\"search\":\"\"},\"name\":\"title\",\"query\":{\"name\":\"site\"}}},\"conditions\":[]}}}},\"name\":\"Separador FEM\",\"source\":[]}]}]}]}],\"version\":\"4.5.17\",\"yooessentialsVersion\":\"2.3.12\"} --><\/p>\n","protected":false},"excerpt":{"rendered":"<p>Els espais de la Fundaci\u00f3 Enric Miralles estan disponibles per a lloguer, ja sigui per a treball col\u00b7laboratiu, esdeveniments creatius o \u00fas exclusiu. Un entorn \u00fanic al barri G\u00f2tic on es troben l&#8217;arquitectura, la hist\u00f2ria i la innovaci\u00f3. Per a m\u00e9s informaci\u00f3 i condicions, contacta amb nosaltres a info@fundacioenricmiralles.com . Sala Principal 250 mq A [&hellip;]<\/p>\n","protected":false},"author":1,"featured_media":0,"parent":0,"menu_order":0,"comment_status":"closed","ping_status":"closed","template":"","meta":{"_acf_changed":false,"footnotes":""},"class_list":["post-683","page","type-page","status-publish","hentry"],"acf":[],"_links":{"self":[{"href":"https:\/\/fundacioenricmiralles.com\/ca\/wp-json\/wp\/v2\/pages\/683","targetHints":{"allow":["GET"]}}],"collection":[{"href":"https:\/\/fundacioenricmiralles.com\/ca\/wp-json\/wp\/v2\/pages"}],"about":[{"href":"https:\/\/fundacioenricmiralles.com\/ca\/wp-json\/wp\/v2\/types\/page"}],"author":[{"embeddable":true,"href":"https:\/\/fundacioenricmiralles.com\/ca\/wp-json\/wp\/v2\/users\/1"}],"replies":[{"embeddable":true,"href":"https:\/\/fundacioenricmiralles.com\/ca\/wp-json\/wp\/v2\/comments?post=683"}],"version-history":[{"count":11,"href":"https:\/\/fundacioenricmiralles.com\/ca\/wp-json\/wp\/v2\/pages\/683\/revisions"}],"predecessor-version":[{"id":4797,"href":"https:\/\/fundacioenricmiralles.com\/ca\/wp-json\/wp\/v2\/pages\/683\/revisions\/4797"}],"wp:attachment":[{"href":"https:\/\/fundacioenricmiralles.com\/ca\/wp-json\/wp\/v2\/media?parent=683"}],"curies":[{"name":"wp","href":"https:\/\/api.w.org\/{rel}","templated":true}]}}