{"id":693,"date":"2024-03-01T18:47:57","date_gmt":"2024-03-01T17:47:57","guid":{"rendered":"https:\/\/fundacioenricmiralles.com\/la-fundacio-enric-miralles\/equip\/"},"modified":"2025-12-09T15:58:11","modified_gmt":"2025-12-09T14:58:11","slug":"equip","status":"publish","type":"page","link":"https:\/\/fundacioenricmiralles.com\/ca\/la-fundacio-enric-miralles\/equip\/","title":{"rendered":"Equip"},"content":{"rendered":"\n<div>\n<\/div>\n<nav aria-label=\"breadcrumbs\" class=\"rank-math-breadcrumb\"><p><span class=\"last\">Inici<\/span><\/p><\/nav>\n\n<div style=\"height:100px\" aria-hidden=\"true\" class=\"wp-block-spacer\"><\/div>\n\n<ul class=\"wp-block-list\">\n<li><h2>BENEDETTA TAGLIABUE<\/h2><p>Presidenta i Directora<\/p><div><p>Arquitecta de renom internacional. \u00c9s cofundadora juntament amb Enric Miralles (1955-2000) d \u201cEMBT Architects, aix\u00ed com fundadora, directora i presidenta de la Fundaci\u00f3 Enric Miralles. \u00c9s coneguda per obres emblem\u00e0tiques com el Nou Edifici del Parlament Escoc\u00e8s a Edimburg 2004, el Mercat de Santa Caterina a Barcelona 2005 i el Pavell\u00f3 Espanyol per a l\u201d Expo Shanghai 2010. Entre les seves obres m\u00e9s recents figuren l \u201cEsgl\u00e9sia de Sant Giacomo Ap\u00f2stol de Ferrara el 2019 a Barcelona el 2019 i dirigeix \u200b\u200bnombrosos projectes en curs a tot el m\u00f3n.<br\/> \u00c9s professora visitant a Harvard, Columbia, Yale, on ha impartit classes el 2025, i l\u201d ETSAB, entre d \u201caltres, i forma part de prestigiosos jurats de premis internacionals. Ha rebut diversos premis, com ara el RIBA Stirling i el Nacional d\u201d Espanya.    <\/p><\/div><p><a href=\"mailto:\">bene@mirallestagliabue.com<\/a><\/p><\/li>\n<\/ul>\n\n<div style=\"height:100px\" aria-hidden=\"true\" class=\"wp-block-spacer\"><\/div>\n\n<ul class=\"wp-block-list\">\n<li><div><div><h2>CRISTOPHER T\u00c0PIA<\/h2><p>Coordinador de Projectes<\/p><div><p>Arquitecte especialitzat en disseny urb\u00e0 i planificaci\u00f3 territorial per l&#8217;ETSAB i IUAV a Ven\u00e8cia. La seva traject\u00f2ria professional es caracteritza per la integraci\u00f3 darquitectura i la gesti\u00f3 de projectes socials i culturals, entrella\u00e7ats amb estrat\u00e8gies urbanes i el disseny despais. Es va incorporar a la Fundaci\u00f3 Enric Miralles el 2025 com a coordinador de projectes, col\u00b7laborant en projectes culturals, educacionals i de recerca.  <\/p><\/div><p><a href=\"mailto:\">ctapia@mirallestagliabue.com<\/a><\/p><\/div><\/div><\/li>\n<\/ul>\n\n<div style=\"height:100px\" aria-hidden=\"true\" class=\"wp-block-spacer\"><\/div>\n\n<!--more-->\n","protected":false},"excerpt":{"rendered":"","protected":false},"author":1,"featured_media":0,"parent":654,"menu_order":0,"comment_status":"closed","ping_status":"closed","template":"","meta":{"_acf_changed":false,"footnotes":""},"class_list":["post-693","page","type-page","status-publish","hentry"],"acf":[],"_links":{"self":[{"href":"https:\/\/fundacioenricmiralles.com\/ca\/wp-json\/wp\/v2\/pages\/693","targetHints":{"allow":["GET"]}}],"collection":[{"href":"https:\/\/fundacioenricmiralles.com\/ca\/wp-json\/wp\/v2\/pages"}],"about":[{"href":"https:\/\/fundacioenricmiralles.com\/ca\/wp-json\/wp\/v2\/types\/page"}],"author":[{"embeddable":true,"href":"https:\/\/fundacioenricmiralles.com\/ca\/wp-json\/wp\/v2\/users\/1"}],"replies":[{"embeddable":true,"href":"https:\/\/fundacioenricmiralles.com\/ca\/wp-json\/wp\/v2\/comments?post=693"}],"version-history":[{"count":13,"href":"https:\/\/fundacioenricmiralles.com\/ca\/wp-json\/wp\/v2\/pages\/693\/revisions"}],"predecessor-version":[{"id":4514,"href":"https:\/\/fundacioenricmiralles.com\/ca\/wp-json\/wp\/v2\/pages\/693\/revisions\/4514"}],"up":[{"embeddable":true,"href":"https:\/\/fundacioenricmiralles.com\/ca\/wp-json\/wp\/v2\/pages\/654"}],"wp:attachment":[{"href":"https:\/\/fundacioenricmiralles.com\/ca\/wp-json\/wp\/v2\/media?parent=693"}],"curies":[{"name":"wp","href":"https:\/\/api.w.org\/{rel}","templated":true}]}}