{"id":698,"date":"2024-02-21T17:21:11","date_gmt":"2024-02-21T16:21:11","guid":{"rendered":"https:\/\/fundacioenricmiralles.com\/la-fundacio-enric-miralles\/partners-socis\/"},"modified":"2024-03-15T14:11:11","modified_gmt":"2024-03-15T13:11:11","slug":"partners-socis","status":"publish","type":"page","link":"https:\/\/fundacioenricmiralles.com\/ca\/la-fundacio-enric-miralles\/partners-socis\/","title":{"rendered":"Partners &amp; Socis"},"content":{"rendered":"<div>\n<nav aria-label=\"breadcrumbs\" class=\"rank-math-breadcrumb\"><p><span class=\"last\">Inici<\/span><\/p><\/nav><\/div>\n<div>\n<p>    La Fundaci\u00f3 Enric Miralles es complau a haver comptat amb el suport de nombroses entitats diferents i sempre busca noves maneres de col\u00b7laborar amb els seus socis.Obrint vies perqu\u00e8 una comunitat m\u00e9s \u00e0mplia pugui participar i contribuir als debats i als projectes relacionats amb el futur i l&#8217;experimentaci\u00f3 arquitect\u00f2nica.<\/p>\n<\/div>\n<div>\n<\/div>\n<p><!--more--><br \/>\n<!-- {\"type\":\"layout\",\"children\":[{\"type\":\"section\",\"props\":{\"image_position\":\"center-center\",\"padding_remove_bottom\":true,\"padding_remove_top\":true,\"style\":\"default\",\"title_breakpoint\":\"xl\",\"title_position\":\"top-left\",\"title_rotation\":\"left\",\"vertical_align\":\"middle\",\"width\":\"default\"},\"children\":[{\"type\":\"row\",\"props\":{\"column_gap\":\"large\",\"divider\":true},\"children\":[{\"type\":\"column\",\"props\":{\"image_position\":\"center-center\",\"position_sticky_breakpoint\":\"m\"},\"children\":[{\"type\":\"html\",\"props\":{\"content\":\"[rank_math_breadcrumb]\"},\"name\":\"Breadcrumbs\"},{\"type\":\"headline\",\"props\":{\"css\":\".el-element{letter-spacing:-0.5px;\\nline-height: 1.1em; text-transform:none;}\",\"title_element\":\"h1\",\"title_style\":\"heading-large\"},\"source_extended\":{\"props\":{\"content\":{\"name\":\"title\",\"query\":{\"name\":\"~closest\"}}}},\"source\":[]},{\"type\":\"html\",\"props\":{\"content\":\"La Fundaci\\u00f3 Enric Miralles es complau a haver comptat amb el suport de nombroses entitats diferents i sempre busca noves maneres de col\\u00b7laborar amb els seus socis.Obrint vies perqu\\u00e8 una comunitat m\\u00e9s \\u00e0mplia pugui participar i contribuir als debats i als projectes relacionats amb el futur i l'experimentaci\\u00f3 arquitect\\u00f2nica.\\n\",\"css\":\".el-element p {font-size: 24px;letter-spacing: -0.5px;line-height:24px;margin-bottom: 16px}\"}}]}]}],\"source\":{\"query\":{\"name\":\"pages.singlePage\"}},\"name\":\"P\\u00e0gina\"},{\"name\":\"Registry logos\",\"type\":\"section\",\"props\":{\"image_position\":\"center-center\",\"padding_remove_bottom\":true,\"padding_remove_top\":false,\"style\":\"default\",\"title_breakpoint\":\"xl\",\"title_position\":\"top-left\",\"title_rotation\":\"left\",\"vertical_align\":\"middle\",\"width\":\"default\"},\"children\":[{\"type\":\"row\",\"children\":[{\"type\":\"column\",\"props\":{\"image_position\":\"center-center\",\"padding\":\"none\",\"position_sticky_breakpoint\":\"m\"},\"children\":[{\"type\":\"gallery\",\"props\":{\"filter_align\":\"left\",\"filter_all\":true,\"filter_grid_breakpoint\":\"m\",\"filter_grid_width\":\"auto\",\"filter_position\":\"top\",\"filter_style\":\"tab\",\"grid_column_align\":true,\"grid_column_gap\":\"large\",\"grid_default\":\"1\",\"grid_divider\":true,\"grid_medium\":\"5\",\"grid_parallax_justify\":false,\"grid_row_align\":false,\"grid_row_gap\":\"large\",\"grid_small\":\"2\",\"image_orientation\":true,\"item_animation\":true,\"link_style\":\"default\",\"link_text\":\"Read more\",\"margin\":\"default\",\"meta_align\":\"below-title\",\"meta_element\":\"div\",\"meta_style\":\"text-meta\",\"overlay_hover\":false,\"overlay_mode\":\"cover\",\"overlay_position\":\"center\",\"overlay_style\":\"\",\"overlay_transition\":\"fade\",\"show_content\":false,\"show_hover_image\":false,\"show_link\":false,\"show_meta\":false,\"show_title\":false,\"text_align\":\"center\",\"text_color\":\"\",\"title_element\":\"h3\",\"title_hover_style\":\"reset\"},\"children\":[{\"type\":\"gallery_item\",\"source\":{\"query\":{\"name\":\"pages.singlePage\",\"field\":{\"name\":\"field.galeria_pagina\",\"directives\":[{\"name\":\"slice\",\"arguments\":{\"offset\":0}}]}},\"props\":{\"image\":{\"filters\":{\"search\":\"\"},\"name\":\"url\"}}}}]}]}]},{\"type\":\"row\",\"props\":{\"margin_remove_bottom\":true},\"children\":[{\"type\":\"column\",\"props\":{\"image_position\":\"center-center\",\"position_sticky_breakpoint\":\"m\"},\"children\":[{\"type\":\"html\",\"source_extended\":{\"props\":{\"content\":{\"composed\":{\"value\":\"\n\n<div class=\\\"corchete-text\\\">\n\n<div class=\\\"remate left\\\"><\\\/div><span>{{ sources.d8be }}<\\\/span>\n\n<div class=\\\"remate right\\\"><\\\/div><\\\/div>\",\"sources\":{\"d8be\":{\"filters\":{\"search\":\"\"},\"name\":\"title\",\"query\":{\"name\":\"site\"}}},\"conditions\":[]}}}},\"name\":\"Separador FEM\",\"source\":{}}]}]}]}],\"version\":\"4.3.5\",\"yooessentialsVersion\":\"2.2.7\"} --><\/p>\n","protected":false},"excerpt":{"rendered":"<p>La Fundaci\u00f3 Enric Miralles es complau a haver comptat amb el suport de nombroses entitats diferents i sempre busca noves maneres de col\u00b7laborar amb els seus socis.Obrint vies perqu\u00e8 una comunitat m\u00e9s \u00e0mplia pugui participar i contribuir als debats i als projectes relacionats amb el futur i l&#8217;experimentaci\u00f3 arquitect\u00f2nica.<\/p>\n","protected":false},"author":1,"featured_media":0,"parent":654,"menu_order":0,"comment_status":"closed","ping_status":"closed","template":"","meta":{"_acf_changed":false,"footnotes":""},"class_list":["post-698","page","type-page","status-publish","hentry"],"acf":[],"_links":{"self":[{"href":"https:\/\/fundacioenricmiralles.com\/ca\/wp-json\/wp\/v2\/pages\/698","targetHints":{"allow":["GET"]}}],"collection":[{"href":"https:\/\/fundacioenricmiralles.com\/ca\/wp-json\/wp\/v2\/pages"}],"about":[{"href":"https:\/\/fundacioenricmiralles.com\/ca\/wp-json\/wp\/v2\/types\/page"}],"author":[{"embeddable":true,"href":"https:\/\/fundacioenricmiralles.com\/ca\/wp-json\/wp\/v2\/users\/1"}],"replies":[{"embeddable":true,"href":"https:\/\/fundacioenricmiralles.com\/ca\/wp-json\/wp\/v2\/comments?post=698"}],"version-history":[{"count":4,"href":"https:\/\/fundacioenricmiralles.com\/ca\/wp-json\/wp\/v2\/pages\/698\/revisions"}],"predecessor-version":[{"id":702,"href":"https:\/\/fundacioenricmiralles.com\/ca\/wp-json\/wp\/v2\/pages\/698\/revisions\/702"}],"up":[{"embeddable":true,"href":"https:\/\/fundacioenricmiralles.com\/ca\/wp-json\/wp\/v2\/pages\/654"}],"wp:attachment":[{"href":"https:\/\/fundacioenricmiralles.com\/ca\/wp-json\/wp\/v2\/media?parent=698"}],"curies":[{"name":"wp","href":"https:\/\/api.w.org\/{rel}","templated":true}]}}