{"id":707,"date":"2024-03-01T19:41:34","date_gmt":"2024-03-01T18:41:34","guid":{"rendered":"https:\/\/fundacioenricmiralles.com\/visita-ns\/"},"modified":"2026-01-16T19:22:45","modified_gmt":"2026-01-16T18:22:45","slug":"visita-ns","status":"publish","type":"page","link":"https:\/\/fundacioenricmiralles.com\/ca\/visita-ns\/","title":{"rendered":"Visita&#8217;ns"},"content":{"rendered":"<div>\n<nav aria-label=\"breadcrumbs\" class=\"rank-math-breadcrumb\"><p><span class=\"last\">Inici<\/span><\/p><\/nav><\/div>\n<div>\n<p>    Vols descobrir l&#8217;univers d&#8217;Enric Miralles des de dins? Us convidem a fer una visita guiada a la Fundaci\u00f3 Enric Miralles i a l&#8217;estudi d&#8217;arquitectura Miralles Tagliabue \u2013 EMBT. Submergeix-te en el cor del disseny, la creativitat i la innovaci\u00f3 arquitect\u00f2nica. Contacta amb el nostre equip per correu electr\u00f2nic <a href=\"mailto:info@fundacioenricmiralles.com\">info@fundacioenricmiralles.com<\/a> per reservar la teva visita.\n<\/div>\n<div>\n<\/div>\n<p><!--more--><br \/>\n<!-- {\"type\":\"layout\",\"children\":[{\"type\":\"section\",\"props\":{\"image_position\":\"center-center\",\"padding_bottom\":\"none\",\"padding_top\":\"none\",\"style\":\"default\",\"title_breakpoint\":\"xl\",\"title_position\":\"top-left\",\"title_rotation\":\"left\",\"vertical_align\":\"\",\"width\":\"default\"},\"children\":[{\"type\":\"row\",\"props\":{\"column_gap\":\"large\",\"divider\":true},\"children\":[{\"type\":\"column\",\"props\":{\"image_position\":\"center-center\",\"position_sticky_breakpoint\":\"m\"},\"children\":[{\"type\":\"html\",\"props\":{\"content\":\"[rank_math_breadcrumb]\"},\"name\":\"Breadcrumbs\"},{\"type\":\"headline\",\"props\":{\"css\":\".el-element{letter-spacing:-0.5px;\\nline-height: 1.1em; text-transform:none;}\",\"image_align\":\"left\",\"image_margin\":\"xsmall\",\"title_element\":\"h1\",\"title_style\":\"heading-large\"},\"source_extended\":{\"props\":{\"content\":{\"name\":\"title\",\"query\":{\"name\":\"#parent\"}}}},\"source\":[]},{\"type\":\"html\",\"props\":{\"content\":\"Vols descobrir l'univers d'Enric Miralles des de dins? Us convidem a fer una visita guiada a la Fundaci\u00f3 Enric Miralles i a l'estudi d'arquitectura Miralles Tagliabue \u2013 EMBT. Submergeix-te en el cor del disseny, la creativitat i la innovaci\u00f3 arquitect\u00f2nica. Contacta amb el nostre equip per correu electr\u00f2nic <a href=\\\"mailto:info@fundacioenricmiralles.com\\\">info@fundacioenricmiralles.com<\/a> per reservar la teva visita.\",\"css\":\".el-element p {font-size: 24px;letter-spacing: -0.5px;line-height:24px;margin-bottom: 16px}\"}}]}]}],\"source\":{\"query\":{\"name\":\"pages.singlePage\"}},\"name\":\"P\u00e0gina\"},{\"name\":\"Registry logos\",\"type\":\"section\",\"props\":{\"image_position\":\"center-center\",\"padding_bottom\":\"none\",\"style\":\"default\",\"title_breakpoint\":\"xl\",\"title_position\":\"top-left\",\"title_rotation\":\"left\",\"vertical_align\":\"\",\"width\":\"default\"},\"children\":[{\"type\":\"row\",\"children\":[{\"type\":\"column\",\"props\":{\"image_position\":\"center-center\",\"padding\":\"none\",\"position_sticky_breakpoint\":\"m\"},\"children\":[{\"type\":\"gallery\",\"props\":{\"filter_align\":\"left\",\"filter_all\":true,\"filter_grid_breakpoint\":\"m\",\"filter_grid_width\":\"auto\",\"filter_position\":\"top\",\"filter_style\":\"tab\",\"grid_column_align\":true,\"grid_column_gap\":\"medium\",\"grid_default\":\"1\",\"grid_divider\":false,\"grid_masonry\":\"pack\",\"grid_medium\":\"3\",\"grid_parallax_justify\":true,\"grid_row_align\":false,\"grid_row_gap\":\"medium\",\"grid_small\":\"2\",\"image_orientation\":true,\"image_transition\":\"scale-up\",\"image_transition_border\":false,\"item_animation\":true,\"lightbox\":true,\"lightbox_bg_close\":true,\"lightbox_image_orientation\":true,\"link_style\":\"text\",\"link_text\":\"\",\"margin_bottom\":\"default\",\"margin_top\":\"default\",\"meta_align\":\"below-title\",\"meta_element\":\"div\",\"meta_style\":\"text-meta\",\"overlay_hover\":true,\"overlay_link\":true,\"overlay_mode\":\"cover\",\"overlay_position\":\"center\",\"overlay_style\":\"tile-muted\",\"overlay_transition\":\"fade\",\"overlay_transition_background\":true,\"show_content\":false,\"show_hover_image\":false,\"show_hover_video\":true,\"show_link\":true,\"show_meta\":false,\"show_title\":false,\"text_align\":\"center\",\"text_color\":\"\",\"title_element\":\"h3\",\"title_hover_style\":\"reset\"},\"children\":[{\"type\":\"gallery_item\",\"source\":{\"query\":{\"name\":\"pages.singlePage\",\"field\":{\"name\":\"field.galeria_pagina\",\"directives\":[{\"name\":\"slice\",\"arguments\":{\"offset\":0}}]}},\"props\":{\"image\":{\"filters\":{\"search\":\"\"},\"name\":\"url\"}}}}]}]}]},{\"type\":\"row\",\"props\":{\"margin_bottom\":\"remove\"},\"children\":[{\"type\":\"column\",\"props\":{\"image_position\":\"center-center\",\"position_sticky_breakpoint\":\"m\"},\"children\":[{\"type\":\"html\",\"source_extended\":{\"props\":{\"content\":{\"composed\":{\"value\":\"\n\n<div class=\\\"corchete-text\\\">\n\n<div class=\\\"remate left\\\"><\/div>\n\n<span>{{ sources.d8be }}<\/span>\n\n<div class=\\\"remate right\\\"><\/div>\n\n<\/div>\n\n\",\"sources\":{\"d8be\":{\"filters\":{\"search\":\"\"},\"name\":\"title\",\"query\":{\"name\":\"site\"}}},\"conditions\":[]}}}},\"name\":\"Separador FEM\",\"source\":[]}]}]}]}],\"version\":\"5.0.3\",\"yooessentialsVersion\":\"3.0.0-beta.5\"} --><\/p>\n","protected":false},"excerpt":{"rendered":"<p>Vols descobrir l&#8217;univers d&#8217;Enric Miralles des de dins? Us convidem a fer una visita guiada a la Fundaci\u00f3 Enric Miralles i a l&#8217;estudi d&#8217;arquitectura Miralles Tagliabue \u2013 EMBT. Submergeix-te en el cor del disseny, la creativitat i la innovaci\u00f3 arquitect\u00f2nica. Contacta amb el nostre equip per correu electr\u00f2nic info@fundacioenricmiralles.com per reservar la teva visita.<\/p>\n","protected":false},"author":1,"featured_media":0,"parent":0,"menu_order":0,"comment_status":"closed","ping_status":"closed","template":"","meta":{"_acf_changed":false,"footnotes":""},"class_list":["post-707","page","type-page","status-publish","hentry"],"acf":[],"_links":{"self":[{"href":"https:\/\/fundacioenricmiralles.com\/ca\/wp-json\/wp\/v2\/pages\/707","targetHints":{"allow":["GET"]}}],"collection":[{"href":"https:\/\/fundacioenricmiralles.com\/ca\/wp-json\/wp\/v2\/pages"}],"about":[{"href":"https:\/\/fundacioenricmiralles.com\/ca\/wp-json\/wp\/v2\/types\/page"}],"author":[{"embeddable":true,"href":"https:\/\/fundacioenricmiralles.com\/ca\/wp-json\/wp\/v2\/users\/1"}],"replies":[{"embeddable":true,"href":"https:\/\/fundacioenricmiralles.com\/ca\/wp-json\/wp\/v2\/comments?post=707"}],"version-history":[{"count":3,"href":"https:\/\/fundacioenricmiralles.com\/ca\/wp-json\/wp\/v2\/pages\/707\/revisions"}],"predecessor-version":[{"id":4787,"href":"https:\/\/fundacioenricmiralles.com\/ca\/wp-json\/wp\/v2\/pages\/707\/revisions\/4787"}],"wp:attachment":[{"href":"https:\/\/fundacioenricmiralles.com\/ca\/wp-json\/wp\/v2\/media?parent=707"}],"curies":[{"name":"wp","href":"https:\/\/api.w.org\/{rel}","templated":true}]}}