{"id":1316,"date":"2024-04-29T16:08:41","date_gmt":"2024-04-29T14:08:41","guid":{"rendered":"https:\/\/fundacioenricmiralles.com\/tienda\/sense categoria\/pabellon-de-espana-exposicion-universal-de-shanghai-2010\/"},"modified":"2024-04-29T16:08:41","modified_gmt":"2024-04-29T14:08:41","slug":"pabellon-de-espana-exposicion-universal-de-shanghai-2010","status":"publish","type":"product","link":"https:\/\/fundacioenricmiralles.com\/ca\/botiga\/llibres\/pabellon-de-espana-exposicion-universal-de-shanghai-2010\/","title":{"rendered":"Pabell\u00f3n de Espa\u00f1a, Exposici\u00f3n Universal de Shanghai 2010"},"content":{"rendered":"","protected":false},"excerpt":{"rendered":"","protected":false},"featured_media":1213,"template":"","meta":{"_acf_changed":false},"product_brand":[],"product_cat":[98],"product_tag":[],"class_list":{"0":"post-1316","1":"product","2":"type-product","3":"status-publish","4":"has-post-thumbnail","6":"product_cat-llibres","8":"first","9":"instock","10":"taxable","11":"shipping-taxable","12":"purchasable","13":"product-type-simple"},"acf":[],"_links":{"self":[{"href":"https:\/\/fundacioenricmiralles.com\/ca\/wp-json\/wp\/v2\/product\/1316","targetHints":{"allow":["GET"]}}],"collection":[{"href":"https:\/\/fundacioenricmiralles.com\/ca\/wp-json\/wp\/v2\/product"}],"about":[{"href":"https:\/\/fundacioenricmiralles.com\/ca\/wp-json\/wp\/v2\/types\/product"}],"wp:featuredmedia":[{"embeddable":true,"href":"https:\/\/fundacioenricmiralles.com\/ca\/wp-json\/wp\/v2\/media\/1213"}],"wp:attachment":[{"href":"https:\/\/fundacioenricmiralles.com\/ca\/wp-json\/wp\/v2\/media?parent=1316"}],"wp:term":[{"taxonomy":"product_brand","embeddable":true,"href":"https:\/\/fundacioenricmiralles.com\/ca\/wp-json\/wp\/v2\/product_brand?post=1316"},{"taxonomy":"product_cat","embeddable":true,"href":"https:\/\/fundacioenricmiralles.com\/ca\/wp-json\/wp\/v2\/product_cat?post=1316"},{"taxonomy":"product_tag","embeddable":true,"href":"https:\/\/fundacioenricmiralles.com\/ca\/wp-json\/wp\/v2\/product_tag?post=1316"}],"curies":[{"name":"wp","href":"https:\/\/api.w.org\/{rel}","templated":true}]}}