{"id":4251,"date":"2025-05-23T18:36:25","date_gmt":"2025-05-23T16:36:25","guid":{"rendered":"https:\/\/fundacioenricmiralles.com\/tienda\/sense categoria\/trames-de-la-memoria\/"},"modified":"2025-05-23T18:36:25","modified_gmt":"2025-05-23T16:36:25","slug":"trames-de-la-memoria","status":"publish","type":"product","link":"https:\/\/fundacioenricmiralles.com\/ca\/botiga\/llibres\/trames-de-la-memoria\/","title":{"rendered":"TRAMES DE LA MEM\u00d2RIA"},"content":{"rendered":"<p>Aquest llibre recull una celebraci\u00f3, un homenatge que evoca la mem\u00f2ria d&#8217;Enric Miralles en totes les seves dimensions, explorant moltes i diverses facetes: arquitecte, artista, pensador, docent\u2026, un creador portent\u00f3s d&#8217;extraordin\u00e0ria personalitat el record del qual mereix ser honrat per tothom. En aquestes p\u00e0gines es compilen els esdeveniments organitzats per commemorar el vint\u00e8 aniversari de la seva mort: cinc exposicions que van tenir lloc a Barcelona i una altra \u00e0mplia mostra que, amb el mateix car\u00e0cter, es va desenvolupar a la Reial Acad\u00e8mia d&#8217;Espanya a Roma. Tamb\u00e9 reuneix unes \u00abparaules per a l&#8217;Enric\u00bb, una \u00e0mplia selecci\u00f3 de testimonis sobre la figura i l&#8217;obra de Miralles.  <\/p>\n","protected":false},"excerpt":{"rendered":"<p>Aquest llibre recull una celebraci\u00f3, un homenatge que evoca la mem\u00f2ria d&#8217;Enric Miralles en totes les seves dimensions, explorant moltes i diverses facetes: arquitecte, artista, pensador, docent\u2026, un creador portent\u00f3s d&#8217;extraordin\u00e0ria personalitat el record del qual mereix ser honrat per tothom. En aquestes p\u00e0gines es compilen els esdeveniments organitzats per commemorar el vint\u00e8 aniversari de [&hellip;]<\/p>\n","protected":false},"featured_media":4249,"template":"","meta":{"_acf_changed":false},"product_brand":[],"product_cat":[98],"product_tag":[],"class_list":{"0":"post-4251","1":"product","2":"type-product","3":"status-publish","4":"has-post-thumbnail","6":"product_cat-llibres","8":"first","9":"instock","10":"taxable","11":"shipping-taxable","12":"purchasable","13":"product-type-simple"},"acf":[],"_links":{"self":[{"href":"https:\/\/fundacioenricmiralles.com\/ca\/wp-json\/wp\/v2\/product\/4251","targetHints":{"allow":["GET"]}}],"collection":[{"href":"https:\/\/fundacioenricmiralles.com\/ca\/wp-json\/wp\/v2\/product"}],"about":[{"href":"https:\/\/fundacioenricmiralles.com\/ca\/wp-json\/wp\/v2\/types\/product"}],"wp:featuredmedia":[{"embeddable":true,"href":"https:\/\/fundacioenricmiralles.com\/ca\/wp-json\/wp\/v2\/media\/4249"}],"wp:attachment":[{"href":"https:\/\/fundacioenricmiralles.com\/ca\/wp-json\/wp\/v2\/media?parent=4251"}],"wp:term":[{"taxonomy":"product_brand","embeddable":true,"href":"https:\/\/fundacioenricmiralles.com\/ca\/wp-json\/wp\/v2\/product_brand?post=4251"},{"taxonomy":"product_cat","embeddable":true,"href":"https:\/\/fundacioenricmiralles.com\/ca\/wp-json\/wp\/v2\/product_cat?post=4251"},{"taxonomy":"product_tag","embeddable":true,"href":"https:\/\/fundacioenricmiralles.com\/ca\/wp-json\/wp\/v2\/product_tag?post=4251"}],"curies":[{"name":"wp","href":"https:\/\/api.w.org\/{rel}","templated":true}]}}