{"id":740,"date":"2024-02-01T19:00:37","date_gmt":"2024-02-01T18:00:37","guid":{"rendered":"https:\/\/fundacioenricmiralles.com\/tienda\/sin%20categor\u00eda\/taula-inestable\/"},"modified":"2024-03-16T11:23:35","modified_gmt":"2024-03-16T10:23:35","slug":"taula-inestable","status":"publish","type":"product","link":"https:\/\/fundacioenricmiralles.com\/ca\/botiga\/mobiliari\/taula-inestable\/","title":{"rendered":"Taula Inestable"},"content":{"rendered":"<p id=\"tw-target-text\" class=\"tw-data-text tw-text-large tw-ta\" dir=\"ltr\" data-placeholder=\"Traducci\u00f3n\" data-ved=\"2ahUKEwjC_7D50YqEAxVzhv0HHUCxDVAQ3ewLegQIBRAQ\"><span class=\"Y2IQFc\" lang=\"es\" tabindex=\"-1\">La taula Instable va ser dissenyada per a l&#8217;exposici\u00f3 &#8216;Le Magazine&#8217; de Grenoble (Fran\u00e7a), que va encarregar a Enric una pe\u00e7a que representar\u00e0 la seva obra. Es pot convertir \u201cgaireb\u00e9 en un paisatge que canvia cada dia\u201d gr\u00e0cies a les diferents posicions que pot adoptar. Dissenyat per Enric Miralles en col\u00b7laboraci\u00f3 amb Eva Prats, est\u00e0 fabricat amb fusta de roure.<\/span><\/p>\n","protected":false},"excerpt":{"rendered":"<p>La taula Instable va ser dissenyada per a l&#8217;exposici\u00f3 &#8216;Le Magazine&#8217; de Grenoble (Fran\u00e7a), que va encarregar a Enric una pe\u00e7a que representar\u00e0 la seva obra. Es pot convertir \u201cgaireb\u00e9 en un paisatge que canvia cada dia\u201d gr\u00e0cies a les diferents posicions que pot adoptar. Dissenyat per Enric Miralles en col\u00b7laboraci\u00f3 amb Eva Prats, est\u00e0 [&hellip;]<\/p>\n","protected":false},"featured_media":539,"template":"","meta":{"_acf_changed":false},"product_brand":[],"product_cat":[100],"product_tag":[],"class_list":{"0":"post-740","1":"product","2":"type-product","3":"status-publish","4":"has-post-thumbnail","6":"product_cat-mobiliari","8":"first","9":"instock","10":"taxable","11":"shipping-taxable","12":"product-type-simple"},"acf":[],"_links":{"self":[{"href":"https:\/\/fundacioenricmiralles.com\/ca\/wp-json\/wp\/v2\/product\/740","targetHints":{"allow":["GET"]}}],"collection":[{"href":"https:\/\/fundacioenricmiralles.com\/ca\/wp-json\/wp\/v2\/product"}],"about":[{"href":"https:\/\/fundacioenricmiralles.com\/ca\/wp-json\/wp\/v2\/types\/product"}],"wp:featuredmedia":[{"embeddable":true,"href":"https:\/\/fundacioenricmiralles.com\/ca\/wp-json\/wp\/v2\/media\/539"}],"wp:attachment":[{"href":"https:\/\/fundacioenricmiralles.com\/ca\/wp-json\/wp\/v2\/media?parent=740"}],"wp:term":[{"taxonomy":"product_brand","embeddable":true,"href":"https:\/\/fundacioenricmiralles.com\/ca\/wp-json\/wp\/v2\/product_brand?post=740"},{"taxonomy":"product_cat","embeddable":true,"href":"https:\/\/fundacioenricmiralles.com\/ca\/wp-json\/wp\/v2\/product_cat?post=740"},{"taxonomy":"product_tag","embeddable":true,"href":"https:\/\/fundacioenricmiralles.com\/ca\/wp-json\/wp\/v2\/product_tag?post=740"}],"curies":[{"name":"wp","href":"https:\/\/api.w.org\/{rel}","templated":true}]}}